{"id":672,"date":"2024-12-29T15:16:35","date_gmt":"2024-12-29T14:16:35","guid":{"rendered":"https:\/\/rosafuneraire-pompesfunebrestroyes.fr\/?page_id=672"},"modified":"2024-12-29T15:55:16","modified_gmt":"2024-12-29T14:55:16","slug":"prendre-rdv","status":"publish","type":"page","link":"https:\/\/rosafuneraire-pompesfunebrestroyes.fr\/?page_id=672","title":{"rendered":"Prendre rendez-vous chez Rosa Fun\u00e9raire"},"content":{"rendered":"<div class=\"wp-block-image is-style-rounded\"><figure class=\"aligncenter size-large is-resized\"><img loading=\"lazy\" decoding=\"async\" width=\"1024\" height=\"683\" src=\"https:\/\/rosafuneraire-pompesfunebrestroyes.fr\/wp-content\/uploads\/2024\/12\/pexels-picjumbo-com-55570-196650-1024x683.jpg\" alt=\"\" class=\"wp-image-682\" style=\"width:593px;height:auto\" srcset=\"https:\/\/rosafuneraire-pompesfunebrestroyes.fr\/wp-content\/uploads\/2024\/12\/pexels-picjumbo-com-55570-196650-1024x683.jpg 1024w, https:\/\/rosafuneraire-pompesfunebrestroyes.fr\/wp-content\/uploads\/2024\/12\/pexels-picjumbo-com-55570-196650-300x200.jpg 300w, https:\/\/rosafuneraire-pompesfunebrestroyes.fr\/wp-content\/uploads\/2024\/12\/pexels-picjumbo-com-55570-196650-768x512.jpg 768w, https:\/\/rosafuneraire-pompesfunebrestroyes.fr\/wp-content\/uploads\/2024\/12\/pexels-picjumbo-com-55570-196650-1536x1025.jpg 1536w, https:\/\/rosafuneraire-pompesfunebrestroyes.fr\/wp-content\/uploads\/2024\/12\/pexels-picjumbo-com-55570-196650-2048x1367.jpg 2048w, https:\/\/rosafuneraire-pompesfunebrestroyes.fr\/wp-content\/uploads\/2024\/12\/pexels-picjumbo-com-55570-196650-600x400.jpg 600w\" sizes=\"auto, (max-width: 1024px) 100vw, 1024px\" \/><\/figure><\/div><p class=\"has-medium-font-size\">Notre agence, pr\u00e8s de Troyes (10-Aube), est ouverte du lundi au vendredi\u00a0de 9h \u00e0 18h et le samedi de 9h \u00e0 12h.<\/p><p class=\"has-medium-font-size\"><strong>Adresse<\/strong> : 4 rue Paul C\u00e9zanne 10120 SAINT-GERMAIN<\/p><p class=\"has-medium-font-size\">Les rendez-vous peuvent \u00e9galement s&rsquo;effectuer \u00e0 distance, par t\u00e9l\u00e9phone, si vous \u00eates dans l&rsquo;incapacit\u00e9 de vous d\u00e9placer.<\/p><div class=\"frm_forms  with_frm_style frm_style_formidable-style\" id=\"frm_form_3_container\" data-token=\"d8ef747d5b082df26ad2bc44e3a15d0b\">\n<form enctype=\"multipart\/form-data\" method=\"post\" class=\"frm-show-form \" id=\"form_prise-de-rdv\" data-token=\"d8ef747d5b082df26ad2bc44e3a15d0b\">\n<div class=\"frm_form_fields \">\n<fieldset>\n<legend class=\"frm_screen_reader\">Prise de rdv<\/legend>\n\n<div class=\"frm_fields_container\">\n<input type=\"hidden\" name=\"frm_action\" value=\"create\" \/>\n<input type=\"hidden\" name=\"form_id\" value=\"3\" \/>\n<input type=\"hidden\" name=\"frm_hide_fields_3\" id=\"frm_hide_fields_3\" value=\"\" \/>\n<input type=\"hidden\" name=\"form_key\" value=\"prise-de-rdv\" \/>\n<input type=\"hidden\" name=\"item_meta[0]\" value=\"\" \/>\n<input type=\"hidden\" id=\"frm_submit_entry_3\" name=\"frm_submit_entry_3\" value=\"1b96cfe401\" \/><input type=\"hidden\" name=\"_wp_http_referer\" value=\"\/index.php?rest_route=%2Fwp%2Fv2%2Fpages%2F672\" \/><div id=\"frm_field_29_container\" class=\"frm_form_field form-field  frm_required_field frm_top_container\">\n\t<div  id=\"field_gtydq_label\" class=\"frm_primary_label\">Nom et pr\u00e9nom :\n\t\t<span class=\"frm_required\" aria-hidden=\"true\">*<\/span>\n\t<\/div>\n\t<fieldset aria-labelledby=\"field_gtydq_label\">\n\t<legend class=\"frm_screen_reader frm_hidden\">\n\t\tNom et pr\u00e9nom :\t<\/legend>\n\n\t<div  class=\"frm_combo_inputs_container\" id=\"frm_combo_inputs_container_29\" data-name-layout=\"first_last\">\n\t\t\t\t\t<div\n\t\t\t\tid=\"frm_field_29-first_container\"\n\t\t\t\tclass=\"frm_form_field form-field frm_form_subfield-first  frm6\"\n\t\t\t\tdata-sub-field-name=\"first\"\n\t\t\t>\n\t\t\t\t<label for=\"field_gtydq_first\" class=\"frm_screen_reader frm_hidden\">\n\t\t\t\t\tNom\t\t\t\t<\/label>\n\n\t\t\t\t\t\t\t\t\t\t<input\n\t\t\t\t\t\t\ttype=\"text\"\n\t\t\t\t\t\t\tid=\"field_gtydq_first\"\n\t\t\t\t\t\t\tvalue=\"\"\n\t\t\t\t\t\t\tname=\"item_meta[29][first]\"  data-reqmsg=\"Nom et pr\u00e9nom : ne peut pas \u00eatre vide.\" aria-required=\"true\" data-invmsg=\"Nom et pr\u00e9nom : est non valide\" aria-invalid=\"false\"  \t\t\t\t\t\t\/>\n\t\t\t\t\t\t<div class=\"frm_description\" id=\"frm_field_29_first_desc\">Nom<\/div>\t\t\t<\/div>\n\t\t\t\t\t\t<div\n\t\t\t\tid=\"frm_field_29-last_container\"\n\t\t\t\tclass=\"frm_form_field form-field frm_form_subfield-last  frm6\"\n\t\t\t\tdata-sub-field-name=\"last\"\n\t\t\t>\n\t\t\t\t<label for=\"field_gtydq_last\" class=\"frm_screen_reader frm_hidden\">\n\t\t\t\t\tPr\u00e9nom\t\t\t\t<\/label>\n\n\t\t\t\t\t\t\t\t\t\t<input\n\t\t\t\t\t\t\ttype=\"text\"\n\t\t\t\t\t\t\tid=\"field_gtydq_last\"\n\t\t\t\t\t\t\tvalue=\"\"\n\t\t\t\t\t\t\tname=\"item_meta[29][last]\"  data-reqmsg=\"Nom et pr\u00e9nom : ne peut pas \u00eatre vide.\" aria-required=\"true\" data-invmsg=\"Nom et pr\u00e9nom : est non valide\" aria-invalid=\"false\"  \t\t\t\t\t\t\/>\n\t\t\t\t\t\t<div class=\"frm_description\" id=\"frm_field_29_last_desc\">Pr\u00e9nom<\/div>\t\t\t<\/div>\n\t\t\t\t<\/div>\n<\/fieldset>\n\n\t\n\t\n<\/div>\n<div id=\"frm_field_30_container\" class=\"frm_form_field form-field  frm_required_field frm_top_container\">\n\t<label for=\"field_d7sgo\" id=\"field_d7sgo_label\" class=\"frm_primary_label\">Email :\n\t\t<span class=\"frm_required\" aria-hidden=\"true\">*<\/span>\n\t<\/label>\n\t<input type=\"email\" id=\"field_d7sgo\" name=\"item_meta[30]\" value=\"\"  data-reqmsg=\"Email : ne peut pas \u00eatre vide.\" aria-required=\"true\" data-invmsg=\"Email : est non valide\" aria-invalid=\"false\"  \/>\n\t\n\t\n<\/div>\n<div id=\"frm_field_31_container\" class=\"frm_form_field form-field  frm_top_container\">\n\t<label for=\"field_aph19\" id=\"field_aph19_label\" class=\"frm_primary_label\">T\u00e9l\u00e9phone :\n\t\t<span class=\"frm_required\" aria-hidden=\"true\"><\/span>\n\t<\/label>\n\t<input type=\"tel\" id=\"field_aph19\" name=\"item_meta[31]\" value=\"\"  data-invmsg=\"T\u00e9l\u00e9phone : est non valide\" aria-invalid=\"false\" pattern=\"((\\+\\d{1,3}(-|.| )?\\(?\\d\\)?(-| |.)?\\d{1,5})|(\\(?\\d{2,6}\\)?))(-|.| )?(\\d{3,4})(-|.| )?(\\d{4})(( x| ext)\\d{1,5}){0,1}$\"  \/>\n\t\n\t\n<\/div>\n<div id=\"frm_field_32_container\" class=\"frm_form_field form-field  frm_required_field frm_top_container\">\n\t<label for=\"field_8luez\" id=\"field_8luez_label\" class=\"frm_primary_label\">Type de rendez-vous souhait\u00e9 :\n\t\t<span class=\"frm_required\" aria-hidden=\"true\">*<\/span>\n\t<\/label>\n\t\t\t<select name=\"item_meta[32]\" id=\"field_8luez\"  data-reqmsg=\"Type de rendez-vous souhait\u00e9 : ne peut pas \u00eatre vide.\" aria-required=\"true\" data-invmsg=\"Type de rendez-vous souhait\u00e9 : est non valide\" aria-invalid=\"false\"  >\n\t\t<option  value=\"\u00c0 l&#039;agence pr\u00e8s de Troyes\">\u00c0 l&#039;agence pr\u00e8s de Troyes<\/option><option  value=\"\u00c0 distance par t\u00e9l\u00e9phone\">\u00c0 distance par t\u00e9l\u00e9phone<\/option>\t<\/select>\n\t\n\t\n\t\n<\/div>\n<div id=\"frm_field_24_container\" class=\"frm_form_field form-field  frm_required_field frm_top_container vertical_radio\">\n\t<div  id=\"field_5l5yk_label\" class=\"frm_primary_label\">Veuillez cocher toutes vos disponibilit\u00e9s  :\n\t\t<span class=\"frm_required\" aria-hidden=\"true\">*<\/span>\n\t<\/div>\n\t<div class=\"frm_opt_container\" aria-labelledby=\"field_5l5yk_label\" role=\"group\">\t\t<div class=\"frm_checkbox\" id=\"frm_checkbox_24-0\">\t\t\t<label  for=\"field_5l5yk-0\">\n\t\t\t<input type=\"checkbox\" name=\"item_meta[24][]\" id=\"field_5l5yk-0\" value=\"Lundi\"  data-reqmsg=\"Veuillez cocher toutes vos disponibilit\u00e9s  : ne peut pas \u00eatre vide.\" data-invmsg=\"Veuillez cocher toutes vos disponibilit\u00e9s  : est non valide\" aria-invalid=\"false\"   aria-required=\"true\"  \/> Lundi<\/label><\/div>\n\t\t<div class=\"frm_checkbox\" id=\"frm_checkbox_24-1\">\t\t\t<label  for=\"field_5l5yk-1\">\n\t\t\t<input type=\"checkbox\" name=\"item_meta[24][]\" id=\"field_5l5yk-1\" value=\"Mardi\"  data-reqmsg=\"Veuillez cocher toutes vos disponibilit\u00e9s  : ne peut pas \u00eatre vide.\" data-invmsg=\"Veuillez cocher toutes vos disponibilit\u00e9s  : est non valide\" aria-invalid=\"false\"   \/> Mardi<\/label><\/div>\n\t\t<div class=\"frm_checkbox\" id=\"frm_checkbox_24-2\">\t\t\t<label  for=\"field_5l5yk-2\">\n\t\t\t<input type=\"checkbox\" name=\"item_meta[24][]\" id=\"field_5l5yk-2\" value=\"Mercredi\"  data-reqmsg=\"Veuillez cocher toutes vos disponibilit\u00e9s  : ne peut pas \u00eatre vide.\" data-invmsg=\"Veuillez cocher toutes vos disponibilit\u00e9s  : est non valide\" aria-invalid=\"false\"   \/> Mercredi<\/label><\/div>\n\t\t<div class=\"frm_checkbox\" id=\"frm_checkbox_24-3\">\t\t\t<label  for=\"field_5l5yk-3\">\n\t\t\t<input type=\"checkbox\" name=\"item_meta[24][]\" id=\"field_5l5yk-3\" value=\"Jeudi\"  data-reqmsg=\"Veuillez cocher toutes vos disponibilit\u00e9s  : ne peut pas \u00eatre vide.\" data-invmsg=\"Veuillez cocher toutes vos disponibilit\u00e9s  : est non valide\" aria-invalid=\"false\"   \/> Jeudi<\/label><\/div>\n\t\t<div class=\"frm_checkbox\" id=\"frm_checkbox_24-4\">\t\t\t<label  for=\"field_5l5yk-4\">\n\t\t\t<input type=\"checkbox\" name=\"item_meta[24][]\" id=\"field_5l5yk-4\" value=\"Vendredi\"  data-reqmsg=\"Veuillez cocher toutes vos disponibilit\u00e9s  : ne peut pas \u00eatre vide.\" data-invmsg=\"Veuillez cocher toutes vos disponibilit\u00e9s  : est non valide\" aria-invalid=\"false\"   \/> Vendredi<\/label><\/div>\n\t\t<div class=\"frm_checkbox\" id=\"frm_checkbox_24-5\">\t\t\t<label  for=\"field_5l5yk-5\">\n\t\t\t<input type=\"checkbox\" name=\"item_meta[24][]\" id=\"field_5l5yk-5\" value=\"Samedi (uniquement le matin)\"  data-reqmsg=\"Veuillez cocher toutes vos disponibilit\u00e9s  : ne peut pas \u00eatre vide.\" data-invmsg=\"Veuillez cocher toutes vos disponibilit\u00e9s  : est non valide\" aria-invalid=\"false\"   \/> Samedi (uniquement le matin)<\/label><\/div>\n<\/div>\n\t\n\t\n<\/div>\n<div id=\"frm_field_25_container\" class=\"frm_form_field form-field  frm_required_field frm_top_container vertical_radio\">\n\t<div  id=\"field_qa3jm_label\" class=\"frm_primary_label\">Cr\u00e9neaux horaires\n\t\t<span class=\"frm_required\" aria-hidden=\"true\">*<\/span>\n\t<\/div>\n\t<div class=\"frm_opt_container\" aria-labelledby=\"field_qa3jm_label\" role=\"group\">\t\t<div class=\"frm_checkbox\" id=\"frm_checkbox_25-0\">\t\t\t<label  for=\"field_qa3jm-0\">\n\t\t\t<input type=\"checkbox\" name=\"item_meta[25][]\" id=\"field_qa3jm-0\" value=\"Matin (9-12h)\"  data-reqmsg=\"Cr\u00e9neaux horaires ne peut pas \u00eatre vide.\" data-invmsg=\"Cr\u00e9neaux horaires est non valide\" aria-invalid=\"false\"   aria-required=\"true\"  \/> Matin (9-12h)<\/label><\/div>\n\t\t<div class=\"frm_checkbox\" id=\"frm_checkbox_25-2\">\t\t\t<label  for=\"field_qa3jm-2\">\n\t\t\t<input type=\"checkbox\" name=\"item_meta[25][]\" id=\"field_qa3jm-2\" value=\"Midi (12-14h)\"  data-reqmsg=\"Cr\u00e9neaux horaires ne peut pas \u00eatre vide.\" data-invmsg=\"Cr\u00e9neaux horaires est non valide\" aria-invalid=\"false\"   \/> Midi (12-14h)<\/label><\/div>\n\t\t<div class=\"frm_checkbox\" id=\"frm_checkbox_25-1\">\t\t\t<label  for=\"field_qa3jm-1\">\n\t\t\t<input type=\"checkbox\" name=\"item_meta[25][]\" id=\"field_qa3jm-1\" value=\"Apr\u00e8s-midi (14-18h)\"  data-reqmsg=\"Cr\u00e9neaux horaires ne peut pas \u00eatre vide.\" data-invmsg=\"Cr\u00e9neaux horaires est non valide\" aria-invalid=\"false\"   \/> Apr\u00e8s-midi (14-18h)<\/label><\/div>\n<\/div>\n\t\n\t\n<\/div>\n<div id=\"frm_field_40_container\" class=\"frm_form_field form-field  frm_required_field frm_top_container vertical_radio\">\n\t<div  id=\"field_2kk1m_label\" class=\"frm_primary_label\">Afin de mieux organiser votre rendez-vous, pouvez-vous nous pr\u00e9ciser le motif de ce dernier :\n\t\t<span class=\"frm_required\" aria-hidden=\"true\">*<\/span>\n\t<\/div>\n\t<div class=\"frm_opt_container\" aria-labelledby=\"field_2kk1m_label\" role=\"group\">\t\t<div class=\"frm_checkbox\" id=\"frm_checkbox_40-0\">\t\t\t<label  for=\"field_2kk1m-0\">\n\t\t\t<input type=\"checkbox\" name=\"item_meta[40][]\" id=\"field_2kk1m-0\" value=\"Renseignements marbrerie\"  data-reqmsg=\"Afin de mieux organiser votre rendez-vous, pouvez-vous nous pr\u00e9ciser le motif de ce dernier : ne peut pas \u00eatre vide.\" data-invmsg=\"Afin de mieux organiser votre rendez-vous, pouvez-vous nous pr\u00e9ciser le motif de ce dernier : est non valide\" aria-invalid=\"false\"   aria-required=\"true\"  \/> Renseignements marbrerie<\/label><\/div>\n\t\t<div class=\"frm_checkbox\" id=\"frm_checkbox_40-1\">\t\t\t<label  for=\"field_2kk1m-1\">\n\t\t\t<input type=\"checkbox\" name=\"item_meta[40][]\" id=\"field_2kk1m-1\" value=\"Renseignements contrats obs\u00e8ques\"  data-reqmsg=\"Afin de mieux organiser votre rendez-vous, pouvez-vous nous pr\u00e9ciser le motif de ce dernier : ne peut pas \u00eatre vide.\" data-invmsg=\"Afin de mieux organiser votre rendez-vous, pouvez-vous nous pr\u00e9ciser le motif de ce dernier : est non valide\" aria-invalid=\"false\"   \/> Renseignements contrats obs\u00e8ques<\/label><\/div>\n\t\t<div class=\"frm_checkbox\" id=\"frm_checkbox_40-2\">\t\t\t<label  for=\"field_2kk1m-2\">\n\t\t\t<input type=\"checkbox\" name=\"item_meta[40][]\" id=\"field_2kk1m-2\" value=\"Renseignements fin de vie\"  data-reqmsg=\"Afin de mieux organiser votre rendez-vous, pouvez-vous nous pr\u00e9ciser le motif de ce dernier : ne peut pas \u00eatre vide.\" data-invmsg=\"Afin de mieux organiser votre rendez-vous, pouvez-vous nous pr\u00e9ciser le motif de ce dernier : est non valide\" aria-invalid=\"false\"   \/> Renseignements fin de vie<\/label><\/div>\n\t\t<div class=\"frm_checkbox\" id=\"frm_checkbox_40-3\">\t\t\t<label  for=\"field_2kk1m-3\">\n\t\t\t<input type=\"checkbox\" name=\"item_meta[40][]\" id=\"field_2kk1m-3\" value=\"Autre sujet\"  data-reqmsg=\"Afin de mieux organiser votre rendez-vous, pouvez-vous nous pr\u00e9ciser le motif de ce dernier : ne peut pas \u00eatre vide.\" data-invmsg=\"Afin de mieux organiser votre rendez-vous, pouvez-vous nous pr\u00e9ciser le motif de ce dernier : est non valide\" aria-invalid=\"false\"   \/> Autre sujet<\/label><\/div>\n<\/div>\n\t\n\t\n<\/div>\n<div id=\"frm_field_23_container\" class=\"frm_form_field form-field \">\n\t<div class=\"frm_submit frm_flex\">\n<button class=\"frm_button_submit\" type=\"submit\"  >Envoyer<\/button>\n\n\n\n<\/div>\n<\/div>\n\t<input type=\"hidden\" name=\"item_key\" value=\"\" \/>\n\t\t\t\t<div class=\"frm__675c442421642\">\n\t\t\t\t<label for=\"frm_email_3\" >\n\t\t\t\t\tSi vous \u00eates un humain, ne remplissez pas ce champ.\t\t\t\t<\/label>\n\t\t\t\t<input  id=\"frm_email_3\" type=\"text\" class=\"frm_verify\" name=\"frm__675c442421642\" value=\"\" autocomplete=\"off\"  \/>\n\t\t\t<\/div>\n\t\t<\/div>\n<\/fieldset>\n<\/div>\n\n<p style=\"display: none !important;\" class=\"akismet-fields-container\" data-prefix=\"ak_\"><label>&#916;<textarea name=\"ak_hp_textarea\" cols=\"45\" rows=\"8\" maxlength=\"100\"><\/textarea><\/label><input type=\"hidden\" id=\"ak_js_1\" name=\"ak_js\" value=\"74\"\/><script>document.getElementById( \"ak_js_1\" ).setAttribute( \"value\", ( new Date() ).getTime() );<\/script><\/p><\/form>\n<\/div><p>En cliquant sur \u201cEnvoyer\u201d, j\u2019accepte que les informations saisies soient exploit\u00e9es dans le cadre de la relation commerciale qui peut en d\u00e9couler.<\/p><p>Pour conna\u00eetre et exercer vos droits, notamment de retrait de votre consentement \u00e0 l\u2019utilisation des donn\u00e9es collect\u00e9es par ce formulaire, veuillez consulter notre&nbsp;politique de confidentialit\u00e9.<\/p>","protected":false},"excerpt":{"rendered":"<p>Notre agence, pr\u00e8s de Troyes (10-Aube), est ouverte du lundi au vendredi\u00a0de 9h \u00e0 18h et le samedi de 9h \u00e0 12h. Adresse : 4 rue Paul C\u00e9zanne 10120 SAINT-GERMAIN Les rendez-vous peuvent \u00e9galement s&rsquo;effectuer \u00e0 distance, par t\u00e9l\u00e9phone, si vous \u00eates dans l&rsquo;incapacit\u00e9 de vous d\u00e9placer. En cliquant sur \u201cEnvoyer\u201d, j\u2019accepte que les informations [&hellip;]<\/p>\n","protected":false},"author":1,"featured_media":0,"parent":0,"menu_order":0,"comment_status":"closed","ping_status":"closed","template":"","meta":{"footnotes":""},"class_list":["post-672","page","type-page","status-publish","hentry","entry","owp-thumbs-layout-horizontal","owp-btn-normal","owp-tabs-layout-horizontal","has-no-thumbnails","has-product-nav"],"_links":{"self":[{"href":"https:\/\/rosafuneraire-pompesfunebrestroyes.fr\/index.php?rest_route=\/wp\/v2\/pages\/672","targetHints":{"allow":["GET"]}}],"collection":[{"href":"https:\/\/rosafuneraire-pompesfunebrestroyes.fr\/index.php?rest_route=\/wp\/v2\/pages"}],"about":[{"href":"https:\/\/rosafuneraire-pompesfunebrestroyes.fr\/index.php?rest_route=\/wp\/v2\/types\/page"}],"author":[{"embeddable":true,"href":"https:\/\/rosafuneraire-pompesfunebrestroyes.fr\/index.php?rest_route=\/wp\/v2\/users\/1"}],"replies":[{"embeddable":true,"href":"https:\/\/rosafuneraire-pompesfunebrestroyes.fr\/index.php?rest_route=%2Fwp%2Fv2%2Fcomments&post=672"}],"version-history":[{"count":6,"href":"https:\/\/rosafuneraire-pompesfunebrestroyes.fr\/index.php?rest_route=\/wp\/v2\/pages\/672\/revisions"}],"predecessor-version":[{"id":684,"href":"https:\/\/rosafuneraire-pompesfunebrestroyes.fr\/index.php?rest_route=\/wp\/v2\/pages\/672\/revisions\/684"}],"wp:attachment":[{"href":"https:\/\/rosafuneraire-pompesfunebrestroyes.fr\/index.php?rest_route=%2Fwp%2Fv2%2Fmedia&parent=672"}],"curies":[{"name":"wp","href":"https:\/\/api.w.org\/{rel}","templated":true}]}}