{"id":49,"date":"2024-12-07T15:49:25","date_gmt":"2024-12-07T14:49:25","guid":{"rendered":"http:\/\/rosafuneraire-pompesfunebrestroyes.fr\/?page_id=49"},"modified":"2024-12-29T15:06:23","modified_gmt":"2024-12-29T14:06:23","slug":"lentreprise","status":"publish","type":"page","link":"https:\/\/rosafuneraire-pompesfunebrestroyes.fr\/?page_id=49","title":{"rendered":"Notre entreprise"},"content":{"rendered":"<h1 class=\"wp-block-heading has-text-align-center\">Rosa Fun\u00e9raire, une famille \u00e0 vos c\u00f4t\u00e9s pour accompagner la v\u00f4tre.<\/h1><div class=\"wp-block-image is-style-rounded\"><figure class=\"aligncenter size-large is-resized\"><img loading=\"lazy\" decoding=\"async\" width=\"1024\" height=\"678\" src=\"http:\/\/rosafuneraire-pompesfunebrestroyes.fr\/wp-content\/uploads\/2024\/12\/IMG_0268-1024x678.jpg\" alt=\"\" class=\"wp-image-261\" style=\"width:631px;height:auto\" srcset=\"https:\/\/rosafuneraire-pompesfunebrestroyes.fr\/wp-content\/uploads\/2024\/12\/IMG_0268-1024x678.jpg 1024w, https:\/\/rosafuneraire-pompesfunebrestroyes.fr\/wp-content\/uploads\/2024\/12\/IMG_0268-600x398.jpg 600w, https:\/\/rosafuneraire-pompesfunebrestroyes.fr\/wp-content\/uploads\/2024\/12\/IMG_0268-300x199.jpg 300w, https:\/\/rosafuneraire-pompesfunebrestroyes.fr\/wp-content\/uploads\/2024\/12\/IMG_0268-768x509.jpg 768w, https:\/\/rosafuneraire-pompesfunebrestroyes.fr\/wp-content\/uploads\/2024\/12\/IMG_0268-1536x1018.jpg 1536w, https:\/\/rosafuneraire-pompesfunebrestroyes.fr\/wp-content\/uploads\/2024\/12\/IMG_0268.jpg 1920w\" sizes=\"auto, (max-width: 1024px) 100vw, 1024px\" \/><\/figure><\/div><p><\/p><p style=\"font-size:20px\">Rosa Fun\u00e9raire est une entreprise <strong>ind\u00e9pendante<\/strong>, <strong>familiale<\/strong>, dirig\u00e9e par deux s\u0153urs St\u00e9phanie et Virginie HOFER anim\u00e9es par les m\u00eames <strong>valeurs humaines<\/strong>&nbsp;: <em>\u00ab \u202fRosa est le second pr\u00e9nom de notre maman. C\u2019est elle qui nous a initi\u00e9es au milieu fun\u00e9raire en nous transmettant ses valeurs et sa passion pour ce m\u00e9tier. La rose, symbole du deuil, refl\u00e8te \u00e9galement une touche f\u00e9minine qui nous repr\u00e9sente.\u202f\u00bb <\/em><\/p><p style=\"font-size:20px\">L\u2019entreprise met l\u2019accent sur un <strong>accompagnement personnalis\u00e9 et de qualit\u00e9<\/strong>, en restant au plus pr\u00e8s des familles. Pour une personne endeuill\u00e9e, pouvoir compter sur un interlocuteur unique, un rep\u00e8re tout au long de l\u2019organisation des obs\u00e8ques et pr\u00e9sent le jour de la c\u00e9r\u00e9monie, est essentiel. <em>\u00ab \u202fNotre r\u00f4le est d\u2019aider les familles \u00e0 franchir la premi\u00e8re \u00e9tape du deuil avec un accompagnement respectueux et empreint de solennit\u00e9. Chaque famille a une histoire unique, et il est crucial de s\u2019adapter et d\u2019\u00e9voluer selon leurs besoins sp\u00e9cifiques. \u202f\u00bb<\/em><\/p><div style=\"height:53px\" aria-hidden=\"true\" class=\"wp-block-spacer\"><\/div><div class=\"wp-block-group\"><div class=\"wp-block-group__inner-container is-layout-constrained wp-block-group-is-layout-constrained\"><div class=\"wp-block-group\"><div class=\"wp-block-group__inner-container is-layout-constrained wp-block-group-is-layout-constrained\"><blockquote class=\"wp-block-quote is-layout-flow wp-block-quote-is-layout-flow\"><h2 class=\"wp-block-heading\">Nous vous accompagnons avec bienveillance et expertise dans chaque \u00e9tape de l&rsquo;organisation des Obs\u00e8ques. Nous avons \u00e0 coeur de vous proposer des prestations sur mesure adapt\u00e9es \u00e0 vos besoins et vos volont\u00e9s :<\/h2>\n\n<ul class=\"wp-block-list\"><li class=\"has-medium-font-size\">Organisation des obs\u00e8ques avec un service personnalis\u00e9<\/li>\n\n<li class=\"has-medium-font-size\">C\u00e9r\u00e9monie religieuse ou civile<\/li>\n\n<li class=\"has-medium-font-size\">Inhumation ou Cr\u00e9mation<\/li>\n\n<li class=\"has-medium-font-size\">D\u00e9marches administratives avant et apr\u00e8s obs\u00e8ques<\/li>\n\n<li class=\"has-medium-font-size\">Transport de corps avant et apr\u00e8s mise en bi\u00e8re<\/li>\n\n<li class=\"has-medium-font-size\">Contrats obs\u00e8ques<\/li>\n\n<li class=\"has-medium-font-size\">Vente de monuments et articles fun\u00e9raires<\/li>\n\n<li class=\"has-medium-font-size\">Travaux de cimeti\u00e8re<\/li>\n\n<li class=\"has-medium-font-size\">Entretien de s\u00e9pulture<\/li><\/ul>\n\n<p class=\"has-medium-font-size\"><\/p><\/blockquote><\/div><\/div><\/div><\/div><div style=\"height:25px\" aria-hidden=\"true\" class=\"wp-block-spacer\"><\/div><div class=\"wp-block-image is-style-rounded\"><figure class=\"aligncenter size-full is-resized\"><img loading=\"lazy\" decoding=\"async\" width=\"958\" height=\"652\" src=\"https:\/\/rosafuneraire-pompesfunebrestroyes.fr\/wp-content\/uploads\/2024\/12\/IMG_0352.jpg\" alt=\"\" class=\"wp-image-295\" style=\"width:552px;height:auto\" srcset=\"https:\/\/rosafuneraire-pompesfunebrestroyes.fr\/wp-content\/uploads\/2024\/12\/IMG_0352.jpg 958w, https:\/\/rosafuneraire-pompesfunebrestroyes.fr\/wp-content\/uploads\/2024\/12\/IMG_0352-600x408.jpg 600w, https:\/\/rosafuneraire-pompesfunebrestroyes.fr\/wp-content\/uploads\/2024\/12\/IMG_0352-300x204.jpg 300w, https:\/\/rosafuneraire-pompesfunebrestroyes.fr\/wp-content\/uploads\/2024\/12\/IMG_0352-768x523.jpg 768w\" sizes=\"auto, (max-width: 958px) 100vw, 958px\" \/><\/figure><\/div><h2 class=\"wp-block-heading has-text-align-center\"><strong><em>Pourquoi choisir Rosa Fun\u00e9raire ? <\/em><\/strong><\/h2><h2 class=\"wp-block-heading has-text-align-center\">Parce que vous serez \u00e9cout\u00e9s et accompagn\u00e9s avec bienveillance, dans le respect de vos besoins et guid\u00e9s \u00e0 chaque \u00e9tape.<\/h2><div class=\"wp-block-columns is-layout-flex wp-container-core-columns-is-layout-9d6595d7 wp-block-columns-is-layout-flex\"><div class=\"wp-block-column is-layout-flow wp-block-column-is-layout-flow\" style=\"flex-basis:100%\"><div class=\"wp-block-group\"><div class=\"wp-block-group__inner-container is-layout-constrained wp-block-group-is-layout-constrained\"><div style=\"height:17px\" aria-hidden=\"true\" class=\"wp-block-spacer\"><\/div>\n\n<div class=\"wp-block-image is-style-rounded\"><figure class=\"alignleft size-full is-resized\"><img loading=\"lazy\" decoding=\"async\" width=\"829\" height=\"899\" src=\"https:\/\/rosafuneraire-pompesfunebrestroyes.fr\/wp-content\/uploads\/2024\/12\/Virginie-e1691482169205-4.jpeg\" alt=\"\" class=\"wp-image-380\" style=\"width:133px;height:auto\" srcset=\"https:\/\/rosafuneraire-pompesfunebrestroyes.fr\/wp-content\/uploads\/2024\/12\/Virginie-e1691482169205-4.jpeg 829w, https:\/\/rosafuneraire-pompesfunebrestroyes.fr\/wp-content\/uploads\/2024\/12\/Virginie-e1691482169205-4-600x651.jpeg 600w, https:\/\/rosafuneraire-pompesfunebrestroyes.fr\/wp-content\/uploads\/2024\/12\/Virginie-e1691482169205-4-277x300.jpeg 277w, https:\/\/rosafuneraire-pompesfunebrestroyes.fr\/wp-content\/uploads\/2024\/12\/Virginie-e1691482169205-4-768x833.jpeg 768w\" sizes=\"auto, (max-width: 829px) 100vw, 829px\" \/><\/figure><\/div>\n\n<p><\/p>\n\n<p><\/p>\n\n<p class=\"has-text-align-left\">\u00ab&nbsp;<em>J\u2019ai d\u00e9couvert les m\u00e9tiers du fun\u00e9raire par procuration et j\u2019y suis rest\u00e9e par conviction. J\u2019ai appris l\u2019importance et le privil\u00e8ge de ce r\u00f4le qui est l\u2019accompagnement des familles endeuill\u00e9es. C\u2019est apr\u00e8s 10 ans d\u2019exp\u00e9rience dans ce milieu que j\u2019ai d\u00e9cid\u00e9 de cr\u00e9er ma propre entreprise pour pouvoir \u00eatre libre et au plus proche des familles que j\u2019accompagne.<\/em>&nbsp;\u00bb<br>VIRGINIE HOFER<\/p><\/div><\/div><\/div><\/div><div style=\"height:68px\" aria-hidden=\"true\" class=\"wp-block-spacer\"><\/div><div class=\"wp-block-image is-style-rounded\"><figure class=\"alignleft size-full is-resized\"><img loading=\"lazy\" decoding=\"async\" width=\"2560\" height=\"2548\" src=\"https:\/\/rosafuneraire-pompesfunebrestroyes.fr\/wp-content\/uploads\/2024\/12\/Stephanie-e1691482270674-5-scaled.jpg\" alt=\"\" class=\"wp-image-385\" style=\"width:146px;height:auto\" srcset=\"https:\/\/rosafuneraire-pompesfunebrestroyes.fr\/wp-content\/uploads\/2024\/12\/Stephanie-e1691482270674-5-scaled.jpg 2560w, https:\/\/rosafuneraire-pompesfunebrestroyes.fr\/wp-content\/uploads\/2024\/12\/Stephanie-e1691482270674-5-300x300.jpg 300w, https:\/\/rosafuneraire-pompesfunebrestroyes.fr\/wp-content\/uploads\/2024\/12\/Stephanie-e1691482270674-5-scaled-100x100.jpg 100w, https:\/\/rosafuneraire-pompesfunebrestroyes.fr\/wp-content\/uploads\/2024\/12\/Stephanie-e1691482270674-5-scaled-600x597.jpg 600w, https:\/\/rosafuneraire-pompesfunebrestroyes.fr\/wp-content\/uploads\/2024\/12\/Stephanie-e1691482270674-5-1024x1019.jpg 1024w, https:\/\/rosafuneraire-pompesfunebrestroyes.fr\/wp-content\/uploads\/2024\/12\/Stephanie-e1691482270674-5-150x150.jpg 150w, https:\/\/rosafuneraire-pompesfunebrestroyes.fr\/wp-content\/uploads\/2024\/12\/Stephanie-e1691482270674-5-768x764.jpg 768w, https:\/\/rosafuneraire-pompesfunebrestroyes.fr\/wp-content\/uploads\/2024\/12\/Stephanie-e1691482270674-5-1536x1529.jpg 1536w, https:\/\/rosafuneraire-pompesfunebrestroyes.fr\/wp-content\/uploads\/2024\/12\/Stephanie-e1691482270674-5-2048x2038.jpg 2048w\" sizes=\"auto, (max-width: 2560px) 100vw, 2560px\" \/><\/figure><\/div><p><\/p><p><\/p><p class=\"has-text-align-left\">\u00ab&nbsp;<em>Avec presque 20 ans d\u2019exp\u00e9rience au sein des ressources humaines, mon engagement professionnel a toujours \u00e9t\u00e9 d\u2019accompagner, d\u2019\u00e9couter et d\u2019analyser chaque situation pour savoir trouver des r\u00e9ponses et des solutions adapt\u00e9es \u00e0 chacun. Informer, pr\u00e9parer, accompagner les familles dans une \u00e9tape de la vie qui est difficile mais malheureusement in\u00e9vitable est pour moi essentiel.<\/em>&nbsp;\u00bb<br>STEPHANIE HOFER<br><\/p><div style=\"height:46px\" aria-hidden=\"true\" class=\"wp-block-spacer\"><\/div><p class=\"has-text-align-center has-medium-font-size\"><strong>N&rsquo;h\u00e9sitez pas \u00e0 nous contacter pour \u00e9changer ensemble. Nous sommes l\u00e0 pour vous \u00e9couter, vous soutenir et vous aider ainsi que pour r\u00e9pondre \u00e0 toutes vos questions. <\/strong><\/p><div style=\"height:44px\" aria-hidden=\"true\" class=\"wp-block-spacer\"><\/div><hr class=\"wp-block-separator has-alpha-channel-opacity is-style-wide\"\/><div class=\"wp-block-columns is-layout-flex wp-container-core-columns-is-layout-9d6595d7 wp-block-columns-is-layout-flex\"><div class=\"wp-block-column is-layout-flow wp-block-column-is-layout-flow\" style=\"flex-basis:100%\"><\/div><\/div><div class=\"wp-block-columns is-layout-flex wp-container-core-columns-is-layout-9d6595d7 wp-block-columns-is-layout-flex\"><div class=\"wp-block-column is-layout-flow wp-block-column-is-layout-flow\"><figure class=\"wp-block-image size-large is-resized\"><img loading=\"lazy\" decoding=\"async\" width=\"1024\" height=\"1024\" src=\"https:\/\/rosafuneraire-pompesfunebrestroyes.fr\/wp-content\/uploads\/2024\/12\/Photo-info-3-1024x1024.png\" alt=\"\" class=\"wp-image-661\" style=\"width:386px;height:auto\" srcset=\"https:\/\/rosafuneraire-pompesfunebrestroyes.fr\/wp-content\/uploads\/2024\/12\/Photo-info-3-1024x1024.png 1024w, https:\/\/rosafuneraire-pompesfunebrestroyes.fr\/wp-content\/uploads\/2024\/12\/Photo-info-3-300x300.png 300w, https:\/\/rosafuneraire-pompesfunebrestroyes.fr\/wp-content\/uploads\/2024\/12\/Photo-info-3-150x150.png 150w, https:\/\/rosafuneraire-pompesfunebrestroyes.fr\/wp-content\/uploads\/2024\/12\/Photo-info-3-768x768.png 768w, https:\/\/rosafuneraire-pompesfunebrestroyes.fr\/wp-content\/uploads\/2024\/12\/Photo-info-3-600x600.png 600w, https:\/\/rosafuneraire-pompesfunebrestroyes.fr\/wp-content\/uploads\/2024\/12\/Photo-info-3-100x100.png 100w, https:\/\/rosafuneraire-pompesfunebrestroyes.fr\/wp-content\/uploads\/2024\/12\/Photo-info-3.png 1080w\" sizes=\"auto, (max-width: 1024px) 100vw, 1024px\" \/><\/figure><\/div>\n\n<div class=\"wp-block-column is-layout-flow wp-block-column-is-layout-flow\"><p class=\"has-text-align-center\"><strong>Merci \u00e0 nos clients et \u00e0 nos familles pour leur confiance ! Nous sommes fiers de porter ce troph\u00e9e coup de\u00a0coeur.<\/strong><\/p>\n\n<p>Rosa Fun\u00e9raire a \u00e9t\u00e9 r\u00e9compens\u00e9e lors des Troph\u00e9es de la Performance \u00c9conomique des PME de l\u2019Aube. Notre entreprise ind\u00e9pendante de pompes fun\u00e8bres, situ\u00e9e \u00e0 Saint-Germain, pr\u00e8s de Troyes, a re\u00e7u le troph\u00e9e coup de c\u0153ur lors de cet \u00e9v\u00e9nement organis\u00e9 par la CPME Aube et L\u2019Est \u00c9clair. Cette distinction vient saluer notre engagement \u00e0 offrir un service humain et innovant, r\u00e9pondant aux besoins des familles avec \u00e9thique et respect. Entreprise de proximit\u00e9, nous collaborons chaque jour avec des acteurs locaux, essentiels au dynamisme de notre belle r\u00e9gion. Un immense merci \u00e0 la CPME Aube, \u00e0 L\u2019Est \u00c9clair, et \u00e0 toutes celles et ceux qui nous soutiennent au quotidien. Cette reconnaissance nous motive \u00e0 poursuivre notre mission avec passion.\u00a0<\/p>\n\n<p>Troph\u00e9e remis par Nicolas Fostier (Rossel Est M\u00e9dia) et Jean-Dominique Regazzoni (CPME de l\u2019Aube).<\/p><\/div><\/div>","protected":false},"excerpt":{"rendered":"<p>Rosa Fun\u00e9raire, une famille \u00e0 vos c\u00f4t\u00e9s pour accompagner la v\u00f4tre. Rosa Fun\u00e9raire est une entreprise ind\u00e9pendante, familiale, dirig\u00e9e par deux s\u0153urs St\u00e9phanie et Virginie HOFER anim\u00e9es par les m\u00eames valeurs humaines&nbsp;: \u00ab \u202fRosa est le second pr\u00e9nom de notre maman. C\u2019est elle qui nous a initi\u00e9es au milieu fun\u00e9raire en nous transmettant ses valeurs [&hellip;]<\/p>\n","protected":false},"author":1,"featured_media":0,"parent":0,"menu_order":0,"comment_status":"closed","ping_status":"closed","template":"","meta":{"footnotes":""},"class_list":["post-49","page","type-page","status-publish","hentry","entry","owp-thumbs-layout-horizontal","owp-btn-normal","owp-tabs-layout-horizontal","has-no-thumbnails","has-product-nav"],"_links":{"self":[{"href":"https:\/\/rosafuneraire-pompesfunebrestroyes.fr\/index.php?rest_route=\/wp\/v2\/pages\/49","targetHints":{"allow":["GET"]}}],"collection":[{"href":"https:\/\/rosafuneraire-pompesfunebrestroyes.fr\/index.php?rest_route=\/wp\/v2\/pages"}],"about":[{"href":"https:\/\/rosafuneraire-pompesfunebrestroyes.fr\/index.php?rest_route=\/wp\/v2\/types\/page"}],"author":[{"embeddable":true,"href":"https:\/\/rosafuneraire-pompesfunebrestroyes.fr\/index.php?rest_route=\/wp\/v2\/users\/1"}],"replies":[{"embeddable":true,"href":"https:\/\/rosafuneraire-pompesfunebrestroyes.fr\/index.php?rest_route=%2Fwp%2Fv2%2Fcomments&post=49"}],"version-history":[{"count":105,"href":"https:\/\/rosafuneraire-pompesfunebrestroyes.fr\/index.php?rest_route=\/wp\/v2\/pages\/49\/revisions"}],"predecessor-version":[{"id":664,"href":"https:\/\/rosafuneraire-pompesfunebrestroyes.fr\/index.php?rest_route=\/wp\/v2\/pages\/49\/revisions\/664"}],"wp:attachment":[{"href":"https:\/\/rosafuneraire-pompesfunebrestroyes.fr\/index.php?rest_route=%2Fwp%2Fv2%2Fmedia&parent=49"}],"curies":[{"name":"wp","href":"https:\/\/api.w.org\/{rel}","templated":true}]}}