{"id":366,"date":"2024-12-13T15:11:49","date_gmt":"2024-12-13T14:11:49","guid":{"rendered":"https:\/\/rosafuneraire-pompesfunebrestroyes.fr\/?page_id=366"},"modified":"2024-12-19T21:12:34","modified_gmt":"2024-12-19T20:12:34","slug":"devis-prevoyance","status":"publish","type":"page","link":"https:\/\/rosafuneraire-pompesfunebrestroyes.fr\/?page_id=366","title":{"rendered":"Devis pr\u00e9voyance"},"content":{"rendered":"<p class=\"has-medium-font-size\">Remplissez le formulaire ci dessous pour recevoir un devis sans frais et personnalis\u00e9 :<\/p><div class=\"wp-block-image is-style-rounded\"><figure class=\"aligncenter size-large is-resized\"><img loading=\"lazy\" decoding=\"async\" width=\"1024\" height=\"683\" src=\"https:\/\/rosafuneraire-pompesfunebrestroyes.fr\/wp-content\/uploads\/2024\/12\/IMG_0402-1024x683.jpg\" alt=\"\" class=\"wp-image-370\" style=\"width:616px;height:auto\" srcset=\"https:\/\/rosafuneraire-pompesfunebrestroyes.fr\/wp-content\/uploads\/2024\/12\/IMG_0402-1024x683.jpg 1024w, https:\/\/rosafuneraire-pompesfunebrestroyes.fr\/wp-content\/uploads\/2024\/12\/IMG_0402-600x400.jpg 600w, https:\/\/rosafuneraire-pompesfunebrestroyes.fr\/wp-content\/uploads\/2024\/12\/IMG_0402-300x200.jpg 300w, https:\/\/rosafuneraire-pompesfunebrestroyes.fr\/wp-content\/uploads\/2024\/12\/IMG_0402-768x512.jpg 768w, https:\/\/rosafuneraire-pompesfunebrestroyes.fr\/wp-content\/uploads\/2024\/12\/IMG_0402-1536x1024.jpg 1536w, https:\/\/rosafuneraire-pompesfunebrestroyes.fr\/wp-content\/uploads\/2024\/12\/IMG_0402.jpg 1920w\" sizes=\"auto, (max-width: 1024px) 100vw, 1024px\" \/><\/figure><\/div><div class=\"frm_forms  with_frm_style frm_style_formidable-style\" id=\"frm_form_2_container\" data-token=\"d8ef747d5b082df26ad2bc44e3a15d0b\">\n<form enctype=\"multipart\/form-data\" method=\"post\" class=\"frm-show-form \" id=\"form_devis\" data-token=\"d8ef747d5b082df26ad2bc44e3a15d0b\">\n<div class=\"frm_form_fields \">\n<fieldset>\n<legend class=\"frm_screen_reader\">Devis<\/legend>\r\n\r\n<div class=\"frm_fields_container\">\n<input type=\"hidden\" name=\"frm_action\" value=\"create\" \/>\n<input type=\"hidden\" name=\"form_id\" value=\"2\" \/>\n<input type=\"hidden\" name=\"frm_hide_fields_2\" id=\"frm_hide_fields_2\" value=\"\" \/>\n<input type=\"hidden\" name=\"form_key\" value=\"devis\" \/>\n<input type=\"hidden\" name=\"item_meta[0]\" value=\"\" \/>\n<input type=\"hidden\" id=\"frm_submit_entry_2\" name=\"frm_submit_entry_2\" value=\"1b96cfe401\" \/><input type=\"hidden\" name=\"_wp_http_referer\" value=\"\/index.php?rest_route=%2Fwp%2Fv2%2Fpages%2F366\" \/><div id=\"frm_field_8_container\" class=\"frm_form_field form-field  frm_required_field frm_top_container frm12 frm_first\">\r\n\t<div  id=\"field_i5jsm_label\" class=\"frm_primary_label\">Nom et pr\u00e9nom :\r\n\t\t<span class=\"frm_required\" aria-hidden=\"true\">*<\/span>\r\n\t<\/div>\r\n\t<fieldset aria-labelledby=\"field_i5jsm_label\">\n\t<legend class=\"frm_screen_reader frm_hidden\">\n\t\tNom et pr\u00e9nom :\t<\/legend>\n\n\t<div  class=\"frm_combo_inputs_container\" id=\"frm_combo_inputs_container_8\" data-name-layout=\"first_last\">\n\t\t\t\t\t<div\n\t\t\t\tid=\"frm_field_8-first_container\"\n\t\t\t\tclass=\"frm_form_field form-field frm_form_subfield-first  frm6\"\n\t\t\t\tdata-sub-field-name=\"first\"\n\t\t\t>\n\t\t\t\t<label for=\"field_i5jsm_first\" class=\"frm_screen_reader frm_hidden\">\n\t\t\t\t\tNom\t\t\t\t<\/label>\n\n\t\t\t\t\t\t\t\t\t\t<input\n\t\t\t\t\t\t\ttype=\"text\"\n\t\t\t\t\t\t\tid=\"field_i5jsm_first\"\n\t\t\t\t\t\t\tvalue=\"\"\n\t\t\t\t\t\t\tname=\"item_meta[8][first]\"  data-reqmsg=\"Nom et pr\u00e9nom : cannot be blank.\" aria-required=\"true\" data-invmsg=\"Nom et pr\u00e9nom : est non valide\" aria-invalid=\"false\"  \t\t\t\t\t\t\/>\n\t\t\t\t\t\t<div class=\"frm_description\" id=\"frm_field_8_first_desc\">Nom<\/div>\t\t\t<\/div>\n\t\t\t\t\t\t<div\n\t\t\t\tid=\"frm_field_8-last_container\"\n\t\t\t\tclass=\"frm_form_field form-field frm_form_subfield-last  frm6\"\n\t\t\t\tdata-sub-field-name=\"last\"\n\t\t\t>\n\t\t\t\t<label for=\"field_i5jsm_last\" class=\"frm_screen_reader frm_hidden\">\n\t\t\t\t\tPr\u00e9nom\t\t\t\t<\/label>\n\n\t\t\t\t\t\t\t\t\t\t<input\n\t\t\t\t\t\t\ttype=\"text\"\n\t\t\t\t\t\t\tid=\"field_i5jsm_last\"\n\t\t\t\t\t\t\tvalue=\"\"\n\t\t\t\t\t\t\tname=\"item_meta[8][last]\"  data-reqmsg=\"Nom et pr\u00e9nom : cannot be blank.\" aria-required=\"true\" data-invmsg=\"Nom et pr\u00e9nom : est non valide\" aria-invalid=\"false\"  \t\t\t\t\t\t\/>\n\t\t\t\t\t\t<div class=\"frm_description\" id=\"frm_field_8_last_desc\">Pr\u00e9nom<\/div>\t\t\t<\/div>\n\t\t\t\t<\/div>\n<\/fieldset>\n\r\n\t\r\n\t\r\n<\/div>\n<div id=\"frm_field_10_container\" class=\"frm_form_field form-field  frm_required_field frm_top_container frm12 frm_first\">\r\n\t<label for=\"field_jcipp\" id=\"field_jcipp_label\" class=\"frm_primary_label\">Email :\r\n\t\t<span class=\"frm_required\" aria-hidden=\"true\">*<\/span>\r\n\t<\/label>\r\n\t<input type=\"email\" id=\"field_jcipp\" name=\"item_meta[10]\" value=\"\"  data-reqmsg=\"Email : cannot be blank.\" aria-required=\"true\" data-invmsg=\"Email : is invalid\" aria-invalid=\"false\"  \/>\r\n\t\r\n\t\r\n<\/div>\n<div id=\"frm_field_22_container\" class=\"frm_form_field form-field  frm_required_field frm_top_container\">\r\n\t<label for=\"field_hb0a6\" id=\"field_hb0a6_label\" class=\"frm_primary_label\">T\u00e9l\u00e9phone :\r\n\t\t<span class=\"frm_required\" aria-hidden=\"true\">*<\/span>\r\n\t<\/label>\r\n\t<input type=\"tel\" id=\"field_hb0a6\" name=\"item_meta[22]\" value=\"\"  data-reqmsg=\"T\u00e9l\u00e9phone : ne peut pas \u00eatre vide.\" aria-required=\"true\" data-invmsg=\"T\u00e9l\u00e9phone : est non valide\" aria-invalid=\"false\" pattern=\"((\\+\\d{1,3}(-|.| )?\\(?\\d\\)?(-| |.)?\\d{1,5})|(\\(?\\d{2,6}\\)?))(-|.| )?(\\d{3,4})(-|.| )?(\\d{4})(( x| ext)\\d{1,5}){0,1}$\"  \/>\r\n\t\r\n\t\r\n<\/div>\n<div id=\"frm_field_12_container\" class=\"frm_form_field form-field  frm_top_container\">\r\n\t<label for=\"field_pagkt\" id=\"field_pagkt_label\" class=\"frm_primary_label\">Votre adresse postale :\r\n\t\t<span class=\"frm_required\" aria-hidden=\"true\"><\/span>\r\n\t<\/label>\r\n\t<input type=\"text\" id=\"field_pagkt\" name=\"item_meta[12]\" value=\"\"  data-invmsg=\"Votre adresse postale : is invalid\" aria-invalid=\"false\"  \/>\r\n\t\r\n\t\r\n<\/div>\n<div id=\"frm_field_14_container\" class=\"frm_form_field form-field  frm_top_container\">\r\n\t<label for=\"field_7kceg\" id=\"field_7kceg_label\" class=\"frm_primary_label\">Commune de cimeti\u00e8re : \r\n\t\t<span class=\"frm_required\" aria-hidden=\"true\"><\/span>\r\n\t<\/label>\r\n\t<input type=\"text\" id=\"field_7kceg\" name=\"item_meta[14]\" value=\"\"  data-invmsg=\"Commune de cimeti\u00e8re :  is invalid\" aria-invalid=\"false\"  \/>\r\n\t\r\n\t\r\n<\/div>\n<div id=\"frm_field_16_container\" class=\"frm_form_field form-field  frm_top_container vertical_radio\">\r\n\t<div  id=\"field_5gobw_label\" class=\"frm_primary_label\">Type d&rsquo;obs\u00e8ques :\r\n\t\t<span class=\"frm_required\" aria-hidden=\"true\"><\/span>\r\n\t<\/div>\r\n\t<div class=\"frm_opt_container\" aria-labelledby=\"field_5gobw_label\" role=\"group\">\t\t<div class=\"frm_checkbox\" id=\"frm_checkbox_16-0\">\t\t\t<label  for=\"field_5gobw-0\">\n\t\t\t<input type=\"checkbox\" name=\"item_meta[16][]\" id=\"field_5gobw-0\" value=\"Inhumation\"  data-invmsg=\"Type d&#039;obs\u00e8ques : est non valide\" aria-invalid=\"false\"   \/> Inhumation<\/label><\/div>\n\t\t<div class=\"frm_checkbox\" id=\"frm_checkbox_16-1\">\t\t\t<label  for=\"field_5gobw-1\">\n\t\t\t<input type=\"checkbox\" name=\"item_meta[16][]\" id=\"field_5gobw-1\" value=\"Cr\u00e9mation\"  data-invmsg=\"Type d&#039;obs\u00e8ques : est non valide\" aria-invalid=\"false\"   \/> Cr\u00e9mation<\/label><\/div>\n<\/div>\r\n\t\r\n\t\r\n<\/div>\n<div id=\"frm_field_15_container\" class=\"frm_form_field form-field  frm_top_container vertical_radio\">\r\n\t<div  id=\"field_s1tvy_label\" class=\"frm_primary_label\">Type de c\u00e9r\u00e9monie :\r\n\t\t<span class=\"frm_required\" aria-hidden=\"true\"><\/span>\r\n\t<\/div>\r\n\t<div class=\"frm_opt_container\" aria-labelledby=\"field_s1tvy_label\" role=\"group\">\t\t<div class=\"frm_checkbox\" id=\"frm_checkbox_15-0\">\t\t\t<label  for=\"field_s1tvy-0\">\n\t\t\t<input type=\"checkbox\" name=\"item_meta[15][]\" id=\"field_s1tvy-0\" value=\"Civile\"  data-invmsg=\"Type de c\u00e9r\u00e9monie : est non valide\" aria-invalid=\"false\"   \/> Civile<\/label><\/div>\n\t\t<div class=\"frm_checkbox\" id=\"frm_checkbox_15-1\">\t\t\t<label  for=\"field_s1tvy-1\">\n\t\t\t<input type=\"checkbox\" name=\"item_meta[15][]\" id=\"field_s1tvy-1\" value=\"Religieuse\"  data-invmsg=\"Type de c\u00e9r\u00e9monie : est non valide\" aria-invalid=\"false\"   \/> Religieuse<\/label><\/div>\n<\/div>\r\n\t\r\n\t\r\n<\/div>\n<div id=\"frm_field_18_container\" class=\"frm_form_field form-field  frm_top_container frm12 frm_first vertical_radio\">\r\n\t<div  id=\"field_mmsu8_label\" class=\"frm_primary_label\">Avez-vous d\u00e9j\u00e0 une concession ?\r\n\t\t<span class=\"frm_required\" aria-hidden=\"true\"><\/span>\r\n\t<\/div>\r\n\t<div class=\"frm_opt_container\" aria-labelledby=\"field_mmsu8_label\" role=\"group\">\t\t<div class=\"frm_checkbox\" id=\"frm_checkbox_18-0\">\t\t\t<label  for=\"field_mmsu8-0\">\n\t\t\t<input type=\"checkbox\" name=\"item_meta[18][]\" id=\"field_mmsu8-0\" value=\"Inhumation - caveau\"  data-invmsg=\"Avez-vous d\u00e9j\u00e0 une concession ? est non valide\" aria-invalid=\"false\"   \/> Inhumation &#8211; caveau<\/label><\/div>\n\t\t<div class=\"frm_checkbox\" id=\"frm_checkbox_18-1\">\t\t\t<label  for=\"field_mmsu8-1\">\n\t\t\t<input type=\"checkbox\" name=\"item_meta[18][]\" id=\"field_mmsu8-1\" value=\"Inhumation - pleine terre\"  data-invmsg=\"Avez-vous d\u00e9j\u00e0 une concession ? est non valide\" aria-invalid=\"false\"   \/> Inhumation &#8211; pleine terre<\/label><\/div>\n\t\t<div class=\"frm_checkbox\" id=\"frm_checkbox_18-2\">\t\t\t<label  for=\"field_mmsu8-2\">\n\t\t\t<input type=\"checkbox\" name=\"item_meta[18][]\" id=\"field_mmsu8-2\" value=\"Cr\u00e9mation - colombarium\"  data-invmsg=\"Avez-vous d\u00e9j\u00e0 une concession ? est non valide\" aria-invalid=\"false\"   \/> Cr\u00e9mation &#8211; colombarium<\/label><\/div>\n\t\t<div class=\"frm_checkbox\" id=\"frm_checkbox_18-3\">\t\t\t<label  for=\"field_mmsu8-3\">\n\t\t\t<input type=\"checkbox\" name=\"item_meta[18][]\" id=\"field_mmsu8-3\" value=\"Cr\u00e9mation - cin\u00e9raire\"  data-invmsg=\"Avez-vous d\u00e9j\u00e0 une concession ? est non valide\" aria-invalid=\"false\"   \/> Cr\u00e9mation &#8211; cin\u00e9raire<\/label><\/div>\n\t\t<div class=\"frm_checkbox\" id=\"frm_checkbox_18-4\">\t\t\t<label  for=\"field_mmsu8-4\">\n\t\t\t<input type=\"checkbox\" name=\"item_meta[18][]\" id=\"field_mmsu8-4\" value=\"Je ne sais pas\"  data-invmsg=\"Avez-vous d\u00e9j\u00e0 une concession ? est non valide\" aria-invalid=\"false\"   \/> Je ne sais pas<\/label><\/div>\n<\/div>\r\n\t\r\n\t\r\n<\/div>\n<div id=\"frm_field_19_container\" class=\"frm_form_field form-field  frm_top_container vertical_radio\">\r\n\t<div  id=\"field_atwgn_label\" class=\"frm_primary_label\">Si vous souhaitez une cr\u00e9mation, quelle est la destination des cendres ?\r\n\t\t<span class=\"frm_required\" aria-hidden=\"true\"><\/span>\r\n\t<\/div>\r\n\t<div class=\"frm_opt_container\" aria-labelledby=\"field_atwgn_label\" role=\"group\">\t\t<div class=\"frm_checkbox\" id=\"frm_checkbox_19-0\">\t\t\t<label  for=\"field_atwgn-0\">\n\t\t\t<input type=\"checkbox\" name=\"item_meta[19][]\" id=\"field_atwgn-0\" value=\"Inhumation\"  data-invmsg=\"Si vous souhaitez une cr\u00e9mation, quelle est la destination des cendres ? est non valide\" aria-invalid=\"false\"   \/> Inhumation<\/label><\/div>\n\t\t<div class=\"frm_checkbox\" id=\"frm_checkbox_19-1\">\t\t\t<label  for=\"field_atwgn-1\">\n\t\t\t<input type=\"checkbox\" name=\"item_meta[19][]\" id=\"field_atwgn-1\" value=\"Dispersion\"  data-invmsg=\"Si vous souhaitez une cr\u00e9mation, quelle est la destination des cendres ? est non valide\" aria-invalid=\"false\"   \/> Dispersion<\/label><\/div>\n\t\t<div class=\"frm_checkbox\" id=\"frm_checkbox_19-2\">\t\t\t<label  for=\"field_atwgn-2\">\n\t\t\t<input type=\"checkbox\" name=\"item_meta[19][]\" id=\"field_atwgn-2\" value=\"Je ne sais pas\"  data-invmsg=\"Si vous souhaitez une cr\u00e9mation, quelle est la destination des cendres ? est non valide\" aria-invalid=\"false\"   \/> Je ne sais pas<\/label><\/div>\n<\/div>\r\n\t\r\n\t\r\n<\/div>\n<div id=\"frm_field_20_container\" class=\"frm_form_field form-field  frm_top_container\">\r\n\t<label for=\"field_i40p2\" id=\"field_i40p2_label\" class=\"frm_primary_label\">Volont\u00e9s personnelles :\r\n\t\t<span class=\"frm_required\" aria-hidden=\"true\"><\/span>\r\n\t<\/label>\r\n\t<input type=\"text\" id=\"field_i40p2\" name=\"item_meta[20]\" value=\"\"  data-invmsg=\"Volont\u00e9s personnelles : est non valide\" aria-invalid=\"false\"  \/>\r\n\t\r\n\t\r\n<\/div>\n<div id=\"frm_field_21_container\" class=\"frm_form_field form-field  frm_top_container vertical_radio\">\r\n\t<div  id=\"field_f1zlb_label\" class=\"frm_primary_label\">\u00catre en salon fun\u00e9raire pour que mes proches puissent se recueillir en attendant le jour de la c\u00e9r\u00e9monie :\r\n\t\t<span class=\"frm_required\" aria-hidden=\"true\"><\/span>\r\n\t<\/div>\r\n\t<div class=\"frm_opt_container\" aria-labelledby=\"field_f1zlb_label\" role=\"group\">\t\t<div class=\"frm_checkbox\" id=\"frm_checkbox_21-0\">\t\t\t<label  for=\"field_f1zlb-0\">\n\t\t\t<input type=\"checkbox\" name=\"item_meta[21][]\" id=\"field_f1zlb-0\" value=\"Oui\"  data-invmsg=\"\u00catre en salon fun\u00e9raire pour que mes proches puissent se recueillir en attendant le jour de la c\u00e9r\u00e9monie : est non valide\" aria-invalid=\"false\"   \/> Oui<\/label><\/div>\n\t\t<div class=\"frm_checkbox\" id=\"frm_checkbox_21-1\">\t\t\t<label  for=\"field_f1zlb-1\">\n\t\t\t<input type=\"checkbox\" name=\"item_meta[21][]\" id=\"field_f1zlb-1\" value=\"Non\"  data-invmsg=\"\u00catre en salon fun\u00e9raire pour que mes proches puissent se recueillir en attendant le jour de la c\u00e9r\u00e9monie : est non valide\" aria-invalid=\"false\"   \/> Non<\/label><\/div>\n\t\t<div class=\"frm_checkbox\" id=\"frm_checkbox_21-2\">\t\t\t<label  for=\"field_f1zlb-2\">\n\t\t\t<input type=\"checkbox\" name=\"item_meta[21][]\" id=\"field_f1zlb-2\" value=\"Je ne sais pas\"  data-invmsg=\"\u00catre en salon fun\u00e9raire pour que mes proches puissent se recueillir en attendant le jour de la c\u00e9r\u00e9monie : est non valide\" aria-invalid=\"false\"   \/> Je ne sais pas<\/label><\/div>\n<\/div>\r\n\t\r\n\t\r\n<\/div>\n<div id=\"frm_field_6_container\" class=\"frm_form_field form-field \">\r\n\t<div class=\"frm_submit frm_flex\">\r\n<button class=\"frm_button_submit\" type=\"submit\"  >Obtenir mon devis<\/button>\r\n\r\n\r\n\r\n<\/div>\r\n<\/div>\n\t<input type=\"hidden\" name=\"item_key\" value=\"\" \/>\n\t\t\t\t<div class=\"frm__675c442421642\">\n\t\t\t\t<label for=\"frm_email_2\" >\n\t\t\t\t\tSi vous \u00eates un humain, ne remplissez pas ce champ.\t\t\t\t<\/label>\n\t\t\t\t<input  id=\"frm_email_2\" type=\"text\" class=\"frm_verify\" name=\"frm__675c442421642\" value=\"\" autocomplete=\"off\"  \/>\n\t\t\t<\/div>\n\t\t<\/div>\n<\/fieldset>\n<\/div>\n\n<p style=\"display: none !important;\" class=\"akismet-fields-container\" data-prefix=\"ak_\"><label>&#916;<textarea name=\"ak_hp_textarea\" cols=\"45\" rows=\"8\" maxlength=\"100\"><\/textarea><\/label><input type=\"hidden\" id=\"ak_js_1\" name=\"ak_js\" value=\"92\"\/><script>document.getElementById( \"ak_js_1\" ).setAttribute( \"value\", ( new Date() ).getTime() );<\/script><\/p><\/form>\n<\/div><p class=\"has-text-align-center\">En cliquant sur \u00ab\u00a0Obtenir mon devis\u00a0\u00bb, vous consentez \u00e0 l&rsquo;utilisation des informations fournies pour traiter votre demande de devis et g\u00e9rer la relation commerciale qui pourrait en d\u00e9couler. Les champs marqu\u00e9s d&rsquo;un ast\u00e9risque sont obligatoires. Pour en savoir plus sur vos droits, notamment concernant le retrait de votre consentement \u00e0 l&rsquo;utilisation des donn\u00e9es collect\u00e9es via ce formulaire, veuillez consulter notre politique de confidentialit\u00e9. <\/p>","protected":false},"excerpt":{"rendered":"<p>Remplissez le formulaire ci dessous pour recevoir un devis sans frais et personnalis\u00e9 : En cliquant sur \u00ab\u00a0Obtenir mon devis\u00a0\u00bb, vous consentez \u00e0 l&rsquo;utilisation des informations fournies pour traiter votre demande de devis et g\u00e9rer la relation commerciale qui pourrait en d\u00e9couler. Les champs marqu\u00e9s d&rsquo;un ast\u00e9risque sont obligatoires. Pour en savoir plus sur vos [&hellip;]<\/p>\n","protected":false},"author":1,"featured_media":0,"parent":0,"menu_order":0,"comment_status":"closed","ping_status":"closed","template":"","meta":{"footnotes":""},"class_list":["post-366","page","type-page","status-publish","hentry","entry","owp-thumbs-layout-horizontal","owp-btn-normal","owp-tabs-layout-horizontal","has-no-thumbnails","has-product-nav"],"_links":{"self":[{"href":"https:\/\/rosafuneraire-pompesfunebrestroyes.fr\/index.php?rest_route=\/wp\/v2\/pages\/366","targetHints":{"allow":["GET"]}}],"collection":[{"href":"https:\/\/rosafuneraire-pompesfunebrestroyes.fr\/index.php?rest_route=\/wp\/v2\/pages"}],"about":[{"href":"https:\/\/rosafuneraire-pompesfunebrestroyes.fr\/index.php?rest_route=\/wp\/v2\/types\/page"}],"author":[{"embeddable":true,"href":"https:\/\/rosafuneraire-pompesfunebrestroyes.fr\/index.php?rest_route=\/wp\/v2\/users\/1"}],"replies":[{"embeddable":true,"href":"https:\/\/rosafuneraire-pompesfunebrestroyes.fr\/index.php?rest_route=%2Fwp%2Fv2%2Fcomments&post=366"}],"version-history":[{"count":4,"href":"https:\/\/rosafuneraire-pompesfunebrestroyes.fr\/index.php?rest_route=\/wp\/v2\/pages\/366\/revisions"}],"predecessor-version":[{"id":413,"href":"https:\/\/rosafuneraire-pompesfunebrestroyes.fr\/index.php?rest_route=\/wp\/v2\/pages\/366\/revisions\/413"}],"wp:attachment":[{"href":"https:\/\/rosafuneraire-pompesfunebrestroyes.fr\/index.php?rest_route=%2Fwp%2Fv2%2Fmedia&parent=366"}],"curies":[{"name":"wp","href":"https:\/\/api.w.org\/{rel}","templated":true}]}}