{"id":17,"date":"2024-12-07T15:34:09","date_gmt":"2024-12-07T14:34:09","guid":{"rendered":"http:\/\/rosafuneraire-pompesfunebrestroyes.fr\/?page_id=17"},"modified":"2025-02-10T17:15:00","modified_gmt":"2025-02-10T16:15:00","slug":"prevoyance","status":"publish","type":"page","link":"https:\/\/rosafuneraire-pompesfunebrestroyes.fr\/?page_id=17","title":{"rendered":"Pr\u00e9voyance"},"content":{"rendered":"<h1 class=\"wp-block-heading has-text-align-center\">Pr\u00e9voir ses obs\u00e8ques avec Rosa Fun\u00e9raire, votre pompes fun\u00e8bres bas\u00e9 \u00e0 Saint Germain, pr\u00e8s de Troyes :<\/h1><div class=\"wp-block-image is-style-rounded\"><figure class=\"aligncenter size-large is-resized\"><img loading=\"lazy\" decoding=\"async\" width=\"1024\" height=\"683\" src=\"https:\/\/rosafuneraire-pompesfunebrestroyes.fr\/wp-content\/uploads\/2024\/12\/7e56acf9-77d7-46a3-b60d-0c9001077da9-1024x683.jpg\" alt=\"\" class=\"wp-image-408\" style=\"width:632px;height:auto\" srcset=\"https:\/\/rosafuneraire-pompesfunebrestroyes.fr\/wp-content\/uploads\/2024\/12\/7e56acf9-77d7-46a3-b60d-0c9001077da9-1024x683.jpg 1024w, https:\/\/rosafuneraire-pompesfunebrestroyes.fr\/wp-content\/uploads\/2024\/12\/7e56acf9-77d7-46a3-b60d-0c9001077da9-600x400.jpg 600w, https:\/\/rosafuneraire-pompesfunebrestroyes.fr\/wp-content\/uploads\/2024\/12\/7e56acf9-77d7-46a3-b60d-0c9001077da9-300x200.jpg 300w, https:\/\/rosafuneraire-pompesfunebrestroyes.fr\/wp-content\/uploads\/2024\/12\/7e56acf9-77d7-46a3-b60d-0c9001077da9-768x512.jpg 768w, https:\/\/rosafuneraire-pompesfunebrestroyes.fr\/wp-content\/uploads\/2024\/12\/7e56acf9-77d7-46a3-b60d-0c9001077da9-1536x1024.jpg 1536w, https:\/\/rosafuneraire-pompesfunebrestroyes.fr\/wp-content\/uploads\/2024\/12\/7e56acf9-77d7-46a3-b60d-0c9001077da9.jpg 2048w\" sizes=\"auto, (max-width: 1024px) 100vw, 1024px\" \/><\/figure><\/div><p class=\"has-medium-font-size\">Prenez le temps d\u2019anticiper vos fun\u00e9railles pour <strong>\u00e9pargner \u00e0 vos proches des d\u00e9cisions difficiles en p\u00e9riode de deuil. <\/strong> N&rsquo;attendez pas que vos enfants doivent g\u00e9rer seuls vos obs\u00e8ques. Rosa Fun\u00e9raire vous invite \u00e0 en discuter d\u00e8s maintenant. <\/p><p class=\"has-medium-font-size\">Voici quelques bonnes raisons de pr\u00e9voir ses obs\u00e8ques : <\/p><ul class=\"wp-block-list\"><li class=\"has-medium-font-size\"><strong>All\u00e9ger la souffrance \u00e9motionnelle de vos proches<\/strong> : Lorsqu\u2019un d\u00e9c\u00e8s survient, les proches doivent souvent prendre des d\u00e9cisions urgentes dans un contexte charg\u00e9 d\u2019\u00e9motion. Pr\u00e9voir vos obs\u00e8ques leur offre un cadre clair et les aide \u00e0 se concentrer sur l\u2019essentiel : leur deuil.<\/li>\n\n<li class=\"has-medium-font-size\"><strong>Ma\u00eetriser le budget<\/strong> : En anticipant vos obs\u00e8ques, vous pouvez d\u00e9finir un budget en accord avec vos souhaits, \u00e9vitant ainsi des d\u00e9penses impr\u00e9vues pour votre famille. <\/li>\n\n<li class=\"has-medium-font-size\"><strong>Respecter vos derni\u00e8res volont\u00e9s<\/strong> : Que vous souhaitiez une cr\u00e9mation, une inhumation, une c\u00e9r\u00e9monie religieuse ou civile. Pr\u00e9voir vos obs\u00e8ques garantit que vos choix seront respect\u00e9s.<\/li><\/ul><div style=\"height:44px\" aria-hidden=\"true\" class=\"wp-block-spacer\"><\/div><div class=\"wp-block-image is-style-rounded\"><figure class=\"aligncenter size-large is-resized\"><img loading=\"lazy\" decoding=\"async\" width=\"1024\" height=\"684\" src=\"https:\/\/rosafuneraire-pompesfunebrestroyes.fr\/wp-content\/uploads\/2024\/12\/IMG_0403-1024x684.jpg\" alt=\"\" class=\"wp-image-355\" style=\"width:561px;height:auto\" srcset=\"https:\/\/rosafuneraire-pompesfunebrestroyes.fr\/wp-content\/uploads\/2024\/12\/IMG_0403-1024x684.jpg 1024w, https:\/\/rosafuneraire-pompesfunebrestroyes.fr\/wp-content\/uploads\/2024\/12\/IMG_0403-600x401.jpg 600w, https:\/\/rosafuneraire-pompesfunebrestroyes.fr\/wp-content\/uploads\/2024\/12\/IMG_0403-300x200.jpg 300w, https:\/\/rosafuneraire-pompesfunebrestroyes.fr\/wp-content\/uploads\/2024\/12\/IMG_0403-768x513.jpg 768w, https:\/\/rosafuneraire-pompesfunebrestroyes.fr\/wp-content\/uploads\/2024\/12\/IMG_0403-1536x1026.jpg 1536w, https:\/\/rosafuneraire-pompesfunebrestroyes.fr\/wp-content\/uploads\/2024\/12\/IMG_0403.jpg 1920w\" sizes=\"auto, (max-width: 1024px) 100vw, 1024px\" \/><\/figure><\/div><div style=\"height:51px\" aria-hidden=\"true\" class=\"wp-block-spacer\"><\/div><h1 class=\"wp-block-heading\">Quelles sont les \u00e9tapes pour organiser ses obs\u00e8ques ? <\/h1><p class=\"has-medium-font-size\">Pr\u00e9voir ses obs\u00e8ques peut sembler intimidant, mais il s\u2019agit d\u2019un processus simple et structur\u00e9. Voici les principales \u00e9tapes : <\/p><ul class=\"wp-block-list\"><li class=\"has-medium-font-size\"><strong>D\u00e9finir vos souhait<\/strong> afin d\u2019\u00e9tablir un devis :<\/li><\/ul><div class=\"wp-block-buttons is-content-justification-center is-layout-flex wp-container-core-buttons-is-layout-16018d1d wp-block-buttons-is-layout-flex\"><div class=\"wp-block-button has-custom-width wp-block-button__width-75 has-custom-font-size has-medium-font-size\"><a class=\"wp-block-button__link has-black-color has-cyan-bluish-gray-background-color has-text-color has-background has-link-color has-text-align-center wp-element-button\" href=\"https:\/\/rosafuneraire-pompesfunebrestroyes.fr\/?page_id=366\" target=\"_blank\" rel=\"noreferrer noopener\">Obtenez votre devis obs\u00e8ques gratuitement<\/a><\/div><\/div><ul class=\"wp-block-list\"><li class=\"has-medium-font-size\">Choisissez un <strong>contrat de pr\u00e9voyance obs\u00e8ques<\/strong> : vous avez la possibilit\u00e9 de souscrire un contrat en une prime unique ou de r\u00e9aliser des versements mensuels sur une p\u00e9riode d\u00e9finie ensemble. En cas de d\u00e9c\u00e8s, aucune prime suppl\u00e9mentaire ne sera exig\u00e9e, et le capital sera vers\u00e9 en int\u00e9gralit\u00e9 au(x) b\u00e9n\u00e9ficiaire(s) pour permettre l\u2019organisation de vos obs\u00e8ques selon vos volont\u00e9s obs\u00e8ques. <\/li>\n\n<li class=\"has-medium-font-size\"><strong>Vivez l\u2019esprit tranquille<\/strong> : avec Rosa Fun\u00e9raire , en qualit\u00e9 de b\u00e9n\u00e9ficiaire, nous ne demanderons pas \u00e0 la famille de verser un acompte, le jour des obs\u00e8ques, sachez que vous \u00eates libres, de changer de prestataires \u00e0 tout moment et gratuitement, par simple courrier adress\u00e9 \u00e0 la compagnie d\u2019assurance.<\/li><\/ul><div style=\"height:100px\" aria-hidden=\"true\" class=\"wp-block-spacer\"><\/div><div class=\"wp-block-columns is-layout-flex wp-container-core-columns-is-layout-9d6595d7 wp-block-columns-is-layout-flex\"><div class=\"wp-block-column is-layout-flow wp-block-column-is-layout-flow\"><div class=\"wp-block-buttons is-content-justification-center is-layout-flex wp-container-core-buttons-is-layout-16018d1d wp-block-buttons-is-layout-flex\"><div class=\"wp-block-button\"><a class=\"wp-block-button__link wp-element-button\" href=\"tel:0353521960\">Nous appeler directement<\/a><\/div><\/div><\/div>\n\n<div class=\"wp-block-column is-layout-flow wp-block-column-is-layout-flow\"><div class=\"wp-block-buttons is-content-justification-center is-layout-flex wp-container-core-buttons-is-layout-16018d1d wp-block-buttons-is-layout-flex\"><div class=\"wp-block-button\"><a class=\"wp-block-button__link wp-element-button\" href=\"https:\/\/rosafuneraire-pompesfunebrestroyes.fr\/?page_id=366\" target=\"_blank\" rel=\"noreferrer noopener\">Obtenir un devis rapidement par mail<\/a><\/div><\/div><\/div>\n\n<div class=\"wp-block-column is-layout-flow wp-block-column-is-layout-flow\"><div class=\"wp-block-buttons is-content-justification-center is-layout-flex wp-container-core-buttons-is-layout-16018d1d wp-block-buttons-is-layout-flex\"><div class=\"wp-block-button\"><a class=\"wp-block-button__link wp-element-button\" href=\"https:\/\/rosafuneraire-pompesfunebrestroyes.fr\/?page_id=672\" target=\"_blank\" rel=\"noreferrer noopener\">Prendre un rdv t\u00e9l\u00e9phonique ou \u00e0 l&rsquo;agence<\/a><\/div><\/div><\/div><\/div><p><\/p>","protected":false},"excerpt":{"rendered":"<p>Pr\u00e9voir ses obs\u00e8ques avec Rosa Fun\u00e9raire, votre pompes fun\u00e8bres bas\u00e9 \u00e0 Saint Germain, pr\u00e8s de Troyes : Prenez le temps d\u2019anticiper vos fun\u00e9railles pour \u00e9pargner \u00e0 vos proches des d\u00e9cisions difficiles en p\u00e9riode de deuil. N&rsquo;attendez pas que vos enfants doivent g\u00e9rer seuls vos obs\u00e8ques. Rosa Fun\u00e9raire vous invite \u00e0 en discuter d\u00e8s maintenant. Voici [&hellip;]<\/p>\n","protected":false},"author":1,"featured_media":0,"parent":0,"menu_order":0,"comment_status":"closed","ping_status":"closed","template":"","meta":{"footnotes":""},"class_list":["post-17","page","type-page","status-publish","hentry","entry","owp-thumbs-layout-horizontal","owp-btn-normal","owp-tabs-layout-horizontal","has-no-thumbnails","has-product-nav"],"_links":{"self":[{"href":"https:\/\/rosafuneraire-pompesfunebrestroyes.fr\/index.php?rest_route=\/wp\/v2\/pages\/17","targetHints":{"allow":["GET"]}}],"collection":[{"href":"https:\/\/rosafuneraire-pompesfunebrestroyes.fr\/index.php?rest_route=\/wp\/v2\/pages"}],"about":[{"href":"https:\/\/rosafuneraire-pompesfunebrestroyes.fr\/index.php?rest_route=\/wp\/v2\/types\/page"}],"author":[{"embeddable":true,"href":"https:\/\/rosafuneraire-pompesfunebrestroyes.fr\/index.php?rest_route=\/wp\/v2\/users\/1"}],"replies":[{"embeddable":true,"href":"https:\/\/rosafuneraire-pompesfunebrestroyes.fr\/index.php?rest_route=%2Fwp%2Fv2%2Fcomments&post=17"}],"version-history":[{"count":28,"href":"https:\/\/rosafuneraire-pompesfunebrestroyes.fr\/index.php?rest_route=\/wp\/v2\/pages\/17\/revisions"}],"predecessor-version":[{"id":1684,"href":"https:\/\/rosafuneraire-pompesfunebrestroyes.fr\/index.php?rest_route=\/wp\/v2\/pages\/17\/revisions\/1684"}],"wp:attachment":[{"href":"https:\/\/rosafuneraire-pompesfunebrestroyes.fr\/index.php?rest_route=%2Fwp%2Fv2%2Fmedia&parent=17"}],"curies":[{"name":"wp","href":"https:\/\/api.w.org\/{rel}","templated":true}]}}