{"id":16,"date":"2024-12-07T15:34:09","date_gmt":"2024-12-07T14:34:09","guid":{"rendered":"http:\/\/rosafuneraire-pompesfunebrestroyes.fr\/?page_id=16"},"modified":"2025-02-10T17:09:26","modified_gmt":"2025-02-10T16:09:26","slug":"marbrerie","status":"publish","type":"page","link":"https:\/\/rosafuneraire-pompesfunebrestroyes.fr\/?page_id=16","title":{"rendered":"Marbrerie"},"content":{"rendered":"<h1 class=\"wp-block-heading\">L&rsquo;entreprise Rosa fun\u00e9raire saura vous accompagner sur les travaux de Marbrerie, fun\u00e9raire sur le secteur de Troyes, son agglom\u00e9ration et les villages environnants. <\/h1><div class=\"wp-block-image is-style-rounded\"><figure class=\"aligncenter size-large is-resized\"><img loading=\"lazy\" decoding=\"async\" width=\"1024\" height=\"840\" src=\"https:\/\/rosafuneraire-pompesfunebrestroyes.fr\/wp-content\/uploads\/2024\/12\/IMG_0293-1024x840.jpg\" alt=\"\" class=\"wp-image-308\" style=\"width:479px;height:auto\" srcset=\"https:\/\/rosafuneraire-pompesfunebrestroyes.fr\/wp-content\/uploads\/2024\/12\/IMG_0293-1024x840.jpg 1024w, https:\/\/rosafuneraire-pompesfunebrestroyes.fr\/wp-content\/uploads\/2024\/12\/IMG_0293-600x492.jpg 600w, https:\/\/rosafuneraire-pompesfunebrestroyes.fr\/wp-content\/uploads\/2024\/12\/IMG_0293-300x246.jpg 300w, https:\/\/rosafuneraire-pompesfunebrestroyes.fr\/wp-content\/uploads\/2024\/12\/IMG_0293-768x630.jpg 768w, https:\/\/rosafuneraire-pompesfunebrestroyes.fr\/wp-content\/uploads\/2024\/12\/IMG_0293-1536x1260.jpg 1536w, https:\/\/rosafuneraire-pompesfunebrestroyes.fr\/wp-content\/uploads\/2024\/12\/IMG_0293.jpg 1920w\" sizes=\"auto, (max-width: 1024px) 100vw, 1024px\" \/><\/figure><\/div><p class=\"has-medium-font-size\"><\/p><blockquote class=\"wp-block-quote is-layout-flow wp-block-quote-is-layout-flow\"><p class=\"has-medium-font-size\">Nous mettons notre expertise \u00e0 votre service pour vous accompagner dans chaque \u00e9tape, que ce soit pour l\u2019acquisition d\u2019une concession fun\u00e9raire, la construction d\u2019un caveau cavurne ou encore sur le choix de l\u2019achat d\u2019un monument fun\u00e9raire standard voir \u00e9galement personnalis\u00e9. Vous trouverez un large choix de pierres tombales dans notre catalogue en ligne. Vous pourrez les personnaliser selon vos souhaits, en choisissant la couleur du granit et les ornements fun\u00e9raires, et obtenir ainsi un aper\u00e7u des tarifs.<\/p><\/blockquote><p class=\"has-text-align-center has-medium-font-size\"><\/p><div class=\"wp-block-buttons is-content-justification-center is-layout-flex wp-container-core-buttons-is-layout-16018d1d wp-block-buttons-is-layout-flex\"><div class=\"wp-block-button has-custom-font-size has-medium-font-size\"><a class=\"wp-block-button__link has-text-align-center wp-element-button\" href=\"https:\/\/config3d.extranet.gpggranit.com\/famille\/CA103070\" target=\"_blank\" rel=\"noreferrer noopener\">Catalogue de monuments fun\u00e9raires<\/a><\/div><\/div><div style=\"height:100px\" aria-hidden=\"true\" class=\"wp-block-spacer\"><\/div><h2 class=\"wp-block-heading\">Comment faire le choix de la pierre tombale ?<\/h2><p class=\"has-medium-font-size\">Les monuments fun\u00e9raires servent \u00e0 marquer l\u2019emplacement d\u2019une s\u00e9pulture, mais ils ont \u00e9galement pour vocation de pr\u00e9server la m\u00e9moire des d\u00e9funts et d\u2019offrir un lieu de recueillement aux proches. Avant de commander un monument, il est essentiel de respecter les r\u00e8glementations en vigueur dans le cimeti\u00e8re. Rosa Fun\u00e9raire est l\u00e0 pour vous accompagner dans cette d\u00e9marche, notamment sur Troyes et son agglom\u00e9ration (Aube).<\/p><div style=\"height:50px\" aria-hidden=\"true\" class=\"wp-block-spacer\"><\/div><h2 class=\"wp-block-heading\">Comment se compose un monument fun\u00e9raire ? <\/h2><p class=\"has-medium-font-size\">Le monument fun\u00e9raire est compos\u00e9 de diff\u00e9rentes parties. C&rsquo;est au choix des familles de choisir de les int\u00e9grer ou non.<\/p><div style=\"height:47px\" aria-hidden=\"true\" class=\"wp-block-spacer\"><\/div><div class=\"wp-block-columns is-layout-flex wp-container-core-columns-is-layout-9d6595d7 wp-block-columns-is-layout-flex\"><div class=\"wp-block-column is-layout-flow wp-block-column-is-layout-flow\"><p>1 &#8211; La st\u00e8le : \u00c9l\u00e9ment vertical destin\u00e9 \u00e0 recevoir l&rsquo;\u00e9pitaphe et\/ou un motif ornemental.<\/p>\n\n<p>2 &#8211; La tombale : \u00c9l\u00e9ment horizontal recouvrant la s\u00e9pulture. <\/p>\n\n<p>3 &#8211; Le soubassement : \u00c9l\u00e9ment qui constitue la base du monument. <\/p>\n\n<p>4 &#8211; Le Prie-Dieu ou marche : Partie plate situ\u00e9e \u00e0 l&rsquo;avant de la tombale qui permet de s&rsquo;agenouiller sur le monument. Aujourd&rsquo;hui nous y apercevons beaucoup de jardini\u00e8re pour y fleurir le monument.<\/p>\n\n<p>5 &#8211; La semelle : Cadre en b\u00e9ton ou en granit qui supporte le monument.<\/p><\/div>\n\n<div class=\"wp-block-column is-layout-flow wp-block-column-is-layout-flow\"><figure class=\"wp-block-image size-full\"><img loading=\"lazy\" decoding=\"async\" width=\"994\" height=\"565\" src=\"https:\/\/rosafuneraire-pompesfunebrestroyes.fr\/wp-content\/uploads\/2024\/12\/IMG_0374.jpg\" alt=\"\" class=\"wp-image-342\" srcset=\"https:\/\/rosafuneraire-pompesfunebrestroyes.fr\/wp-content\/uploads\/2024\/12\/IMG_0374.jpg 994w, https:\/\/rosafuneraire-pompesfunebrestroyes.fr\/wp-content\/uploads\/2024\/12\/IMG_0374-600x341.jpg 600w, https:\/\/rosafuneraire-pompesfunebrestroyes.fr\/wp-content\/uploads\/2024\/12\/IMG_0374-300x171.jpg 300w, https:\/\/rosafuneraire-pompesfunebrestroyes.fr\/wp-content\/uploads\/2024\/12\/IMG_0374-768x437.jpg 768w\" sizes=\"auto, (max-width: 994px) 100vw, 994px\" \/><\/figure><\/div><\/div><p><\/p><div style=\"height:70px\" aria-hidden=\"true\" class=\"wp-block-spacer\"><\/div><h2 class=\"wp-block-heading\">Et au sujet des mat\u00e9riaux ? <\/h2><p class=\"has-medium-font-size\">Les pompes fun\u00e8bres Rosa Fun\u00e9raire, pr\u00e8s de Troyes, vous offrent la possibilit\u00e9 de cr\u00e9er un monument fun\u00e9raire personnalis\u00e9, con\u00e7u \u00e0 partir de divers mat\u00e9riaux. Parmi eux, le granit est le plus utilis\u00e9, gr\u00e2ce \u00e0 sa durabilit\u00e9 exceptionnelle et \u00e0 son faible besoin d\u2019entretien. Ce mat\u00e9riau naturel se distingue par ses teintes vari\u00e9es et l\u2019\u00e9l\u00e9gance unique de ses veinages.<\/p><p class=\"has-medium-font-size\">Les propri\u00e9t\u00e9s physiques du granit peuvent varier consid\u00e9rablement. Certains types sont plus poreux et absorbent davantage l\u2019humidit\u00e9. Il est donc important de bien choisir votre monument fun\u00e9raire en granit pour trouver le juste \u00e9quilibre entre la couleur, la qualit\u00e9 et le budget. Virginie et St\u00e9phanie, g\u00e9rantes de Rosa Fun\u00e9raire, sont \u00e0 votre disposition pour r\u00e9pondre gratuitement \u00e0 toutes vos questions et s\u2019engagent \u00e0 vous accompagner avec soin dans vos d\u00e9marches.<\/p><div style=\"height:53px\" aria-hidden=\"true\" class=\"wp-block-spacer\"><\/div><div class=\"wp-block-columns is-layout-flex wp-container-core-columns-is-layout-9d6595d7 wp-block-columns-is-layout-flex\"><div class=\"wp-block-column is-layout-flow wp-block-column-is-layout-flow\"><div class=\"wp-block-buttons is-content-justification-center is-layout-flex wp-container-core-buttons-is-layout-16018d1d wp-block-buttons-is-layout-flex\"><div class=\"wp-block-button\"><a class=\"wp-block-button__link wp-element-button\" href=\"https:\/\/rosafuneraire-pompesfunebrestroyes.fr\/?page_id=13\" target=\"_blank\" rel=\"noreferrer noopener\">Obtenir un devis pour mes travaux de cimeti\u00e8re<\/a><\/div><\/div><\/div>\n\n<div class=\"wp-block-column is-layout-flow wp-block-column-is-layout-flow\"><div class=\"wp-block-buttons is-content-justification-center is-layout-flex wp-container-core-buttons-is-layout-16018d1d wp-block-buttons-is-layout-flex\"><div class=\"wp-block-button\"><a class=\"wp-block-button__link wp-element-button\" href=\"https:\/\/config3d.extranet.gpggranit.com\/famille\/CA103070\" target=\"_blank\" rel=\"noreferrer noopener\">Choisir mon monument fun\u00e9raire et obtenir rapidement mon devis par mail<\/a><\/div><\/div><\/div>\n\n<div class=\"wp-block-column is-layout-flow wp-block-column-is-layout-flow\"><div class=\"wp-block-buttons is-content-justification-center is-layout-flex wp-container-core-buttons-is-layout-16018d1d wp-block-buttons-is-layout-flex\"><div class=\"wp-block-button\"><a class=\"wp-block-button__link wp-element-button\" href=\"https:\/\/rosafuneraire-pompesfunebrestroyes.fr\/?page_id=672\" target=\"_blank\" rel=\"noreferrer noopener\">Prendre un rendez-vous t\u00e9l\u00e9phonique ou \u00e0 l&rsquo;agence<\/a><\/div><\/div><\/div><\/div><p><\/p>","protected":false},"excerpt":{"rendered":"<p>L&rsquo;entreprise Rosa fun\u00e9raire saura vous accompagner sur les travaux de Marbrerie, fun\u00e9raire sur le secteur de Troyes, son agglom\u00e9ration et les villages environnants. Nous mettons notre expertise \u00e0 votre service pour vous accompagner dans chaque \u00e9tape, que ce soit pour l\u2019acquisition d\u2019une concession fun\u00e9raire, la construction d\u2019un caveau cavurne ou encore sur le choix de [&hellip;]<\/p>\n","protected":false},"author":1,"featured_media":0,"parent":0,"menu_order":0,"comment_status":"closed","ping_status":"closed","template":"","meta":{"footnotes":""},"class_list":["post-16","page","type-page","status-publish","hentry","entry","owp-thumbs-layout-horizontal","owp-btn-normal","owp-tabs-layout-horizontal","has-no-thumbnails","has-product-nav"],"_links":{"self":[{"href":"https:\/\/rosafuneraire-pompesfunebrestroyes.fr\/index.php?rest_route=\/wp\/v2\/pages\/16","targetHints":{"allow":["GET"]}}],"collection":[{"href":"https:\/\/rosafuneraire-pompesfunebrestroyes.fr\/index.php?rest_route=\/wp\/v2\/pages"}],"about":[{"href":"https:\/\/rosafuneraire-pompesfunebrestroyes.fr\/index.php?rest_route=\/wp\/v2\/types\/page"}],"author":[{"embeddable":true,"href":"https:\/\/rosafuneraire-pompesfunebrestroyes.fr\/index.php?rest_route=\/wp\/v2\/users\/1"}],"replies":[{"embeddable":true,"href":"https:\/\/rosafuneraire-pompesfunebrestroyes.fr\/index.php?rest_route=%2Fwp%2Fv2%2Fcomments&post=16"}],"version-history":[{"count":21,"href":"https:\/\/rosafuneraire-pompesfunebrestroyes.fr\/index.php?rest_route=\/wp\/v2\/pages\/16\/revisions"}],"predecessor-version":[{"id":1681,"href":"https:\/\/rosafuneraire-pompesfunebrestroyes.fr\/index.php?rest_route=\/wp\/v2\/pages\/16\/revisions\/1681"}],"wp:attachment":[{"href":"https:\/\/rosafuneraire-pompesfunebrestroyes.fr\/index.php?rest_route=%2Fwp%2Fv2%2Fmedia&parent=16"}],"curies":[{"name":"wp","href":"https:\/\/api.w.org\/{rel}","templated":true}]}}